{"id":7,"date":"2016-09-28T18:41:40","date_gmt":"2016-09-28T18:41:40","guid":{"rendered":"http:\/\/s516051290.onlinehome.mx\/wordpress\/?page_id=7"},"modified":"2026-04-13T09:02:44","modified_gmt":"2026-04-13T15:02:44","slug":"info","status":"publish","type":"page","link":"http:\/\/lanzaatelier.com\/en\/info\/","title":{"rendered":"Info"},"content":{"rendered":"<p>The architecture studio LANZA was founded in 2015 by Isabel Abascal and Alessandro Arienzo and is based in Mexico City. The leitmotiv of their practice is to find and contribute to the beauty of the world.<\/p>\n\n\n\n<p>*<\/p>\n\n\n\n<p>LANZA\u2019s first solo show, New Work, took place at SF MOMA in 2018. The office\u2019s work has also been exhibited at the Latin American Architecture Biennial 2023, the 12th S\u00e3o Paulo Arch.Biennial, the Lisbon Triennial 2019 and Conc\u00e9ntrico Festival in Spain 2021. The studio has presented their work at Syracuse University 2025 \u2014where they were Visiting Professors\u2014, CU Denver 2024, ETSA Madrid 2023, Cal Poly Pomona as part of the VDL House Residency Program 2022, Constructing Practice Symposium at Columbia University 2019, among others.<\/p>\n\n\n\n<p>The studio has been nominated for the 2016 Ibero American Architecture Biennial Award and the Mies Crown Hall Award for Emerging Architects, IIT Chicago, 2016 and 2022, and for the Brick Award 2021. The office is one of the winners of the Young Architects Prize 2017 and the Emerging Voices Award 2023 from the Architectural League of New York which described their multimodal work as one that \u201cexpresses an inventiveness, a sensitivity to context, and a compositional refinement that spans scales and forms.\u201d<\/p>\n\n\n\n<p>LANZA atelier has been selected to design the 2026 Serpentine Pavilion.<\/p>\n\n\n\n<p>*<\/p>\n\n\n\n<p>Isabel Abascal graduated as an architect from the Universidad Polit\u00e9cnica de Madrid. She studied at the Technische Universit\u00e4t in Berlin and at the Vastu Shilpa Foundation in Ahmedabad (India) by Balkrishna Doshi. She was design studio professor for six years at Escola da Cidade, in Sao Paulo (2009-2014), An\u00e1huac University (2019-2020) and Visiting Professor at Kent State University (2021). From 2015 until 2017, she was executive director of LIGA, a platform dedicated to the exhibition and discussion of Latin American architecture and co-edited the book Exposed Architecture published by Park Books. She has been a Harvard GSD Wheelwright Prize finalist with her project Mother Architecture: Shaping Birth and she has received grants from both the Mexican Fund for the Arts (2022) and the Spanish Ministry of Housing and Urban Agenda (2025) to continue her ongoing research on spaces for birth.<\/p>\n\n\n\n<p>Alessandro Arienzo studied architecture at the Universidad Iberoamericana. He explores the different possibilities within architectural practice by developing hand-drawing and publishing projects such as the Housetypes book series. In 2017, he was a recipient of the National Fund for the Arts Young Creators Prize. With this grant, he developed an investigation on the Security and Citizen Participation Modules network, whose result became part of the SFMOMA permanent collection in 2018. Several of his designs have been showcased institutionally, like A family of 4 which is today part of the Denver Art Museum collection.<\/p>\n\n\n\n<p>&nbsp;<\/p>\n\n\n\n<p>&nbsp;<\/p>\n\n\n<div class=\"wp-block-image\">\n<figure class=\"aligncenter\"><img loading=\"lazy\" decoding=\"async\" width=\"700\" height=\"525\" src=\"http:\/\/s516051290.onlinehome.mx\/wordpress\/wp-content\/uploads\/2016\/09\/Retrato-LANZA-600.jpg\" alt=\"\" class=\"wp-image-464\" srcset=\"http:\/\/lanzaatelier.com\/wp-content\/uploads\/2016\/09\/Retrato-LANZA-600.jpg 700w, http:\/\/lanzaatelier.com\/wp-content\/uploads\/2016\/09\/Retrato-LANZA-600-300x225.jpg 300w, http:\/\/lanzaatelier.com\/wp-content\/uploads\/2016\/09\/Retrato-LANZA-600-150x113.jpg 150w, http:\/\/lanzaatelier.com\/wp-content\/uploads\/2016\/09\/Retrato-LANZA-600-600x450.jpg 600w\" sizes=\"auto, (max-width: 700px) 100vw, 700px\" \/><\/figure><\/div>\n\n\n<p><\/p>\n\n\n\n<p>&nbsp;<\/p>\n\n\n\n<p class=\"has-text-align-center\">Collaborators<\/p>\n\n\n\n<p>Present: Genevieve Parkes, Francesco Fiorillo, Sof\u00eda Y\u00e1\u00f1ez, Alejandro M\u00e1rquez, Luis Herrero.<br>Past: Alejandra Richard, Roy Kim, Hazel Flaherty, Lara Carolan, Roberto Dom\u00ednguez, Henry Peters, Merwin Ramesan, Fernanda G\u00f3mez, Diego Gahu, Milena Fischer, Francesca Motte, Sofia Valdovinos, Beatriz Sallowiczs, Luc\u00eda Font, Tatiana Valente, Manuela Leboreiro, Ma\u00eflys Sourgen, Lili Carr, Isabel Palacios, Jessica Hern\u00e1ndez, Celina Bonadeo.<\/p>","protected":false},"excerpt":{"rendered":"<p>The architecture studio LANZA was founded in 2015 by Isabel Abascal and Alessandro Arienzo and is based in Mexico City. The leitmotiv of their practice is to find and contribute to the beauty of the world. * LANZA\u2019s first solo show, New Work, took place at SF MOMA in 2018. The office\u2019s work has also [&hellip;]<\/p>\n","protected":false},"author":1,"featured_media":0,"parent":0,"menu_order":1,"comment_status":"closed","ping_status":"closed","template":"","meta":{"footnotes":""},"class_list":["post-7","page","type-page","status-publish","hentry"],"yoast_head":"<!-- This site is optimized with the Yoast SEO plugin v26.5 - https:\/\/yoast.com\/wordpress\/plugins\/seo\/ -->\n<title>LANZA Atelier | Informaci\u00f3n del Estudio y Contacto<\/title>\n<meta name=\"description\" content=\"Conoce LANZA Atelier: estudio de arquitectura contempor\u00e1nea. Informaci\u00f3n del equipo, filosof\u00eda de trabajo y datos de contacto.\" \/>\n<meta name=\"robots\" content=\"index, follow, max-snippet:-1, max-image-preview:large, max-video-preview:-1\" \/>\n<link rel=\"canonical\" href=\"https:\/\/lanzaatelier.com\/en\/info\/\" \/>\n<meta property=\"og:locale\" content=\"en_US\" \/>\n<meta property=\"og:type\" content=\"article\" \/>\n<meta property=\"og:title\" content=\"LANZA Atelier | Informaci\u00f3n del Estudio y Contacto\" \/>\n<meta property=\"og:description\" content=\"Conoce LANZA Atelier: estudio de arquitectura contempor\u00e1nea. Informaci\u00f3n del equipo, filosof\u00eda de trabajo y datos de contacto.\" \/>\n<meta property=\"og:url\" content=\"https:\/\/lanzaatelier.com\/en\/info\/\" \/>\n<meta property=\"article:modified_time\" content=\"2026-04-13T15:02:44+00:00\" \/>\n<meta property=\"og:image\" content=\"http:\/\/s516051290.onlinehome.mx\/wordpress\/wp-content\/uploads\/2016\/09\/Retrato-LANZA-600.jpg\" \/>\n<meta name=\"twitter:card\" content=\"summary_large_image\" \/>\n<meta name=\"twitter:label1\" content=\"Est. reading time\" \/>\n\t<meta name=\"twitter:data1\" content=\"6 minutes\" \/>\n<script type=\"application\/ld+json\" class=\"yoast-schema-graph\">{\"@context\":\"https:\/\/schema.org\",\"@graph\":[{\"@type\":\"WebPage\",\"@id\":\"https:\/\/lanzaatelier.com\/en\/info\/\",\"url\":\"https:\/\/lanzaatelier.com\/en\/info\/\",\"name\":\"LANZA Atelier | Informaci\u00f3n del Estudio y Contacto\",\"isPartOf\":{\"@id\":\"http:\/\/lanzaatelier.com\/#website\"},\"primaryImageOfPage\":{\"@id\":\"https:\/\/lanzaatelier.com\/en\/info\/#primaryimage\"},\"image\":{\"@id\":\"https:\/\/lanzaatelier.com\/en\/info\/#primaryimage\"},\"thumbnailUrl\":\"http:\/\/s516051290.onlinehome.mx\/wordpress\/wp-content\/uploads\/2016\/09\/Retrato-LANZA-600.jpg\",\"datePublished\":\"2016-09-28T18:41:40+00:00\",\"dateModified\":\"2026-04-13T15:02:44+00:00\",\"description\":\"Conoce LANZA Atelier: estudio de arquitectura contempor\u00e1nea. Informaci\u00f3n del equipo, filosof\u00eda de trabajo y datos de contacto.\",\"breadcrumb\":{\"@id\":\"https:\/\/lanzaatelier.com\/en\/info\/#breadcrumb\"},\"inLanguage\":\"en-US\",\"potentialAction\":[{\"@type\":\"ReadAction\",\"target\":[\"https:\/\/lanzaatelier.com\/en\/info\/\"]}]},{\"@type\":\"ImageObject\",\"inLanguage\":\"en-US\",\"@id\":\"https:\/\/lanzaatelier.com\/en\/info\/#primaryimage\",\"url\":\"http:\/\/s516051290.onlinehome.mx\/wordpress\/wp-content\/uploads\/2016\/09\/Retrato-LANZA-600.jpg\",\"contentUrl\":\"http:\/\/s516051290.onlinehome.mx\/wordpress\/wp-content\/uploads\/2016\/09\/Retrato-LANZA-600.jpg\"},{\"@type\":\"BreadcrumbList\",\"@id\":\"https:\/\/lanzaatelier.com\/en\/info\/#breadcrumb\",\"itemListElement\":[{\"@type\":\"ListItem\",\"position\":1,\"name\":\"Inicio\",\"item\":\"http:\/\/lanzaatelier.com\/\"},{\"@type\":\"ListItem\",\"position\":2,\"name\":\"Info\"}]},{\"@type\":\"WebSite\",\"@id\":\"http:\/\/lanzaatelier.com\/#website\",\"url\":\"http:\/\/lanzaatelier.com\/\",\"name\":\"[:es]LANZA[:en]LANZA Atelier[:]\",\"description\":\"\",\"potentialAction\":[{\"@type\":\"SearchAction\",\"target\":{\"@type\":\"EntryPoint\",\"urlTemplate\":\"http:\/\/lanzaatelier.com\/?s={search_term_string}\"},\"query-input\":{\"@type\":\"PropertyValueSpecification\",\"valueRequired\":true,\"valueName\":\"search_term_string\"}}],\"inLanguage\":\"en-US\"}]}<\/script>\n<!-- \/ Yoast SEO plugin. -->","yoast_head_json":{"title":"LANZA Atelier | Informaci\u00f3n del Estudio y Contacto","description":"Conoce LANZA Atelier: estudio de arquitectura contempor\u00e1nea. Informaci\u00f3n del equipo, filosof\u00eda de trabajo y datos de contacto.","robots":{"index":"index","follow":"follow","max-snippet":"max-snippet:-1","max-image-preview":"max-image-preview:large","max-video-preview":"max-video-preview:-1"},"canonical":"https:\/\/lanzaatelier.com\/en\/info\/","og_locale":"en_US","og_type":"article","og_title":"LANZA Atelier | Informaci\u00f3n del Estudio y Contacto","og_description":"Conoce LANZA Atelier: estudio de arquitectura contempor\u00e1nea. Informaci\u00f3n del equipo, filosof\u00eda de trabajo y datos de contacto.","og_url":"https:\/\/lanzaatelier.com\/en\/info\/","article_modified_time":"2026-04-13T15:02:44+00:00","og_image":[{"url":"http:\/\/s516051290.onlinehome.mx\/wordpress\/wp-content\/uploads\/2016\/09\/Retrato-LANZA-600.jpg","type":"","width":"","height":""}],"twitter_card":"summary_large_image","twitter_misc":{"Est. reading time":"6 minutes"},"schema":{"@context":"https:\/\/schema.org","@graph":[{"@type":"WebPage","@id":"https:\/\/lanzaatelier.com\/en\/info\/","url":"https:\/\/lanzaatelier.com\/en\/info\/","name":"LANZA Atelier | Informaci\u00f3n del Estudio y Contacto","isPartOf":{"@id":"http:\/\/lanzaatelier.com\/#website"},"primaryImageOfPage":{"@id":"https:\/\/lanzaatelier.com\/en\/info\/#primaryimage"},"image":{"@id":"https:\/\/lanzaatelier.com\/en\/info\/#primaryimage"},"thumbnailUrl":"http:\/\/s516051290.onlinehome.mx\/wordpress\/wp-content\/uploads\/2016\/09\/Retrato-LANZA-600.jpg","datePublished":"2016-09-28T18:41:40+00:00","dateModified":"2026-04-13T15:02:44+00:00","description":"Conoce LANZA Atelier: estudio de arquitectura contempor\u00e1nea. Informaci\u00f3n del equipo, filosof\u00eda de trabajo y datos de contacto.","breadcrumb":{"@id":"https:\/\/lanzaatelier.com\/en\/info\/#breadcrumb"},"inLanguage":"en-US","potentialAction":[{"@type":"ReadAction","target":["https:\/\/lanzaatelier.com\/en\/info\/"]}]},{"@type":"ImageObject","inLanguage":"en-US","@id":"https:\/\/lanzaatelier.com\/en\/info\/#primaryimage","url":"http:\/\/s516051290.onlinehome.mx\/wordpress\/wp-content\/uploads\/2016\/09\/Retrato-LANZA-600.jpg","contentUrl":"http:\/\/s516051290.onlinehome.mx\/wordpress\/wp-content\/uploads\/2016\/09\/Retrato-LANZA-600.jpg"},{"@type":"BreadcrumbList","@id":"https:\/\/lanzaatelier.com\/en\/info\/#breadcrumb","itemListElement":[{"@type":"ListItem","position":1,"name":"Inicio","item":"http:\/\/lanzaatelier.com\/"},{"@type":"ListItem","position":2,"name":"Info"}]},{"@type":"WebSite","@id":"http:\/\/lanzaatelier.com\/#website","url":"http:\/\/lanzaatelier.com\/","name":"[:es]LANZA[:en]LANZA Atelier[:]","description":"","potentialAction":[{"@type":"SearchAction","target":{"@type":"EntryPoint","urlTemplate":"http:\/\/lanzaatelier.com\/?s={search_term_string}"},"query-input":{"@type":"PropertyValueSpecification","valueRequired":true,"valueName":"search_term_string"}}],"inLanguage":"en-US"}]}},"_links":{"self":[{"href":"http:\/\/lanzaatelier.com\/en\/wp-json\/wp\/v2\/pages\/7","targetHints":{"allow":["GET"]}}],"collection":[{"href":"http:\/\/lanzaatelier.com\/en\/wp-json\/wp\/v2\/pages"}],"about":[{"href":"http:\/\/lanzaatelier.com\/en\/wp-json\/wp\/v2\/types\/page"}],"author":[{"embeddable":true,"href":"http:\/\/lanzaatelier.com\/en\/wp-json\/wp\/v2\/users\/1"}],"replies":[{"embeddable":true,"href":"http:\/\/lanzaatelier.com\/en\/wp-json\/wp\/v2\/comments?post=7"}],"version-history":[{"count":123,"href":"http:\/\/lanzaatelier.com\/en\/wp-json\/wp\/v2\/pages\/7\/revisions"}],"predecessor-version":[{"id":2243,"href":"http:\/\/lanzaatelier.com\/en\/wp-json\/wp\/v2\/pages\/7\/revisions\/2243"}],"wp:attachment":[{"href":"http:\/\/lanzaatelier.com\/en\/wp-json\/wp\/v2\/media?parent=7"}],"curies":[{"name":"wp","href":"https:\/\/api.w.org\/{rel}","templated":true}]}}